{"id":414,"date":"2022-07-28T21:20:08","date_gmt":"2022-07-28T21:20:08","guid":{"rendered":"https:\/\/cemce.com.mx\/?page_id=414"},"modified":"2022-07-28T21:46:02","modified_gmt":"2022-07-28T21:46:02","slug":"abc-infonavit-y-fovissste","status":"publish","type":"page","link":"https:\/\/cemce.com.mx\/index.php\/abc-infonavit-y-fovissste\/","title":{"rendered":"ABC INFONAVIT Y FOVISSSTE"},"content":{"rendered":"<p>[et_pb_section fb_built=\u00bb1&#8243; _builder_version=\u00bb4.6.3&#8243; _module_preset=\u00bbdefault\u00bb background_image=\u00bbhttps:\/\/cemce.com.mx\/wp-content\/uploads\/2022\/04\/BANNER-EC0110.png\u00bb][et_pb_row _builder_version=\u00bb4.6.3&#8243; _module_preset=\u00bbdefault\u00bb][et_pb_column type=\u00bb4_4&#8243; _builder_version=\u00bb4.6.3&#8243; _module_preset=\u00bbdefault\u00bb][et_pb_text _builder_version=\u00bb4.6.3&#8243; _module_preset=\u00bbdefault\u00bb text_text_color=\u00bb#ffffff\u00bb background_color=\u00bb#ffffff\u00bb animation_style=\u00bbflip\u00bb text_text_shadow_style=\u00bbpreset4&#8243; text_text_shadow_color=\u00bbrgba(0,0,0,0)\u00bb border_color_all=\u00bb#000000&#8243; box_shadow_style=\u00bbpreset6&#8243;]<\/p>\n<h4 style=\"text-align: center;\"><span style=\"font-size: xx-large; color: #0a0a0a;\"><strong><\/strong><\/span><\/h4>\n<p>&nbsp;<\/p>\n<p>&nbsp;<\/p>\n<h4 style=\"text-align: center;\"><span style=\"font-size: xx-large; color: #0a0a0a;\"><strong>ABC INFONAVIT\u00a0 + ABC FOVISSSTE<\/strong><\/span>\u00a0<\/h4>\n<p><span style=\"font-size: xx-large; color: #0a0a0a;\"><strong><\/strong><\/span><\/p>\n<p><span style=\"font-size: xx-large; color: #0a0a0a;\"><strong><\/strong><\/span><\/p>\n<p><span style=\"font-size: xx-large; color: #0a0a0a;\"><strong><\/strong><\/span><\/p>\n<p>&nbsp;<\/p>\n<p>[\/et_pb_text][\/et_pb_column][\/et_pb_row][et_pb_row column_structure=\u00bb1_2,1_2&#8243; _builder_version=\u00bb4.6.3&#8243; _module_preset=\u00bbdefault\u00bb][et_pb_column type=\u00bb1_2&#8243; _builder_version=\u00bb4.6.3&#8243; _module_preset=\u00bbdefault\u00bb][\/et_pb_column][et_pb_column type=\u00bb1_2&#8243; _builder_version=\u00bb4.6.3&#8243; _module_preset=\u00bbdefault\u00bb][\/et_pb_column][\/et_pb_row][et_pb_row column_structure=\u00bb1_2,1_2&#8243; _builder_version=\u00bb4.6.3&#8243; _module_preset=\u00bbdefault\u00bb][et_pb_column type=\u00bb1_2&#8243; _builder_version=\u00bb4.6.3&#8243; _module_preset=\u00bbdefault\u00bb][\/et_pb_column][et_pb_column type=\u00bb1_2&#8243; _builder_version=\u00bb4.6.3&#8243; _module_preset=\u00bbdefault\u00bb][\/et_pb_column][\/et_pb_row][\/et_pb_section][et_pb_section fb_built=\u00bb1&#8243; _builder_version=\u00bb4.6.3&#8243; _module_preset=\u00bbdefault\u00bb background_color=\u00bb#00457a\u00bb][et_pb_row _builder_version=\u00bb4.6.3&#8243; _module_preset=\u00bbdefault\u00bb][et_pb_column type=\u00bb4_4&#8243; _builder_version=\u00bb4.6.3&#8243; _module_preset=\u00bbdefault\u00bb][et_pb_text _builder_version=\u00bb4.6.3&#8243; _module_preset=\u00bbdefault\u00bb text_text_color=\u00bb#ffffff\u00bb custom_padding=\u00bb11px||3px|||\u00bb]<\/p>\n<p>CURSOS INMOBILIARIOS<\/p>\n<p>[\/et_pb_text][\/et_pb_column][\/et_pb_row][\/et_pb_section][et_pb_section fb_built=\u00bb1&#8243; _builder_version=\u00bb4.6.3&#8243; _module_preset=\u00bbdefault\u00bb background_color=\u00bb#00457a\u00bb min_height=\u00bb1464px\u00bb custom_margin=\u00bb-77px|||||\u00bb custom_padding=\u00bb54px|||||\u00bb][et_pb_row column_structure=\u00bb1_2,1_2&#8243; _builder_version=\u00bb4.6.3&#8243; _module_preset=\u00bbdefault\u00bb][et_pb_column type=\u00bb1_2&#8243; _builder_version=\u00bb4.6.3&#8243; _module_preset=\u00bbdefault\u00bb][et_pb_text _builder_version=\u00bb4.6.3&#8243; _module_preset=\u00bbdefault\u00bb inline_fonts=\u00bbArimo,Amiko,Alef\u00bb]<\/p>\n<h4>\u00a0 \u00a0\u00a0<\/h4>\n<h4><span style=\"font-size: xx-large; color: #f4f4f4;\"><strong>ABC INFONAVIT\u00a0 \u00a0+<\/strong><\/span><\/h4>\n<h4><span style=\"font-size: xx-large; color: #f4f4f4;\"><strong>ABC\u00a0<\/strong><\/span><strong style=\"color: #f4f4f4; font-size: xx-large;\">FOVISSSTE<\/strong><\/h4>\n<h4><\/h4>\n<p><span style=\"color: #ffffff;\">\u00a0<\/span><\/p>\n<h4><strong><span style=\"color: #b5b5b5;\">APRENDE Y ACTUAL\u00cdZATE CON TODO LO RELATIVO A LA GESTI\u00d3N DE CR\u00c9DITOS HIPOTECARIOS INFONAVIT Y FOVISSSTE.<\/span><\/strong><\/h4>\n<p>&nbsp;<\/p>\n<p><span style=\"color: #ededed;\">Nuestro sistema de capacitaci\u00f3n v\u00eda Plataforma E-learning, te permite aprender a tu ritmo y sin presi\u00f3n de horarios.<\/span><\/p>\n<p><span style=\"color: #ededed;\"><\/span><\/p>\n<h4><span style=\"color: #e5e5e5;\">Incluye manuales.\u00a0<\/span><span style=\"color: #ededed;\"><\/span><\/h4>\n<p><span style=\"color: #ededed;\"><\/span><\/p>\n<p><span style=\"font-family: Amiko; font-weight: normal; font-size: large;\"><strong><span style=\"color: #ededed;\">Tendr\u00e1s acceso a DOS CURSOS el ABC DEL INFONAVIT Y EL ABC DEL FOVISSSTE.<\/span><\/strong><\/span><\/p>\n<p><span style=\"font-family: Amiko; font-weight: normal; font-size: large;\"><strong><span style=\"color: #ededed;\"><\/span><\/strong><\/span><\/p>\n<h1><span style=\"color: #ffffff; font-family: Alef; font-weight: normal;\"><strong>1.<\/strong>ABC INFONAVIT<\/span><\/h1>\n<p><span style=\"color: #ffffff;\">Curso actualizado con todos los cambios del INFONAVIT, incluye manual.<\/span><\/p>\n<p><span style=\"color: #ffffff;\">\u00a0<\/span><\/p>\n<p><span style=\"font-size: large;\"><strong><span style=\"color: #ffffff;\">CONTENIDO TEM\u00c1TICO.<\/span><\/strong><\/span><\/p>\n<p><span style=\"color: #ffffff;\">\u00a0<\/span><\/p>\n<ul>\n<li><span style=\"color: #ffffff;\">INFONAVIT introducci\u00f3n<\/span><\/li>\n<li><span style=\"color: #ffffff;\">Nuevo modelo de originaci\u00f3n t1000<\/span><\/li>\n<li><span style=\"color: #ffffff;\">Portal INFONAVIT mayo 22<\/span><\/li>\n<li><span style=\"color: #ffffff;\">Mi cuenta INFONAVIT mayo<\/span><\/li>\n<li><span style=\"color: #ffffff;\">L\u00edneas de cr\u00e9dito INFONAVIT<\/span><\/li>\n<li><span style=\"color: #ffffff;\">Productos l\u00ednea II<\/span><\/li>\n<li><span style=\"color: #ffffff;\">Productos l\u00ednea III<\/span><\/li>\n<li><span style=\"color: #ffffff;\">Productos l\u00ednea IV<\/span><\/li>\n<li><span style=\"color: #ffffff;\">Productos l\u00ednea V<\/span><\/li>\n<li><span style=\"color: #ffffff;\">Programas INFONAVIT<\/span><\/li>\n<li><span style=\"color: #ffffff;\">Crediterreno INFONAVIT<\/span><\/li>\n<li><span style=\"color: #ffffff;\">Reglas otorgamiento cr\u00e9dito INFONAVIT<\/span><\/li>\n<li><span style=\"color: #ffffff;\">\u00bfQu\u00e9 es el visor geogr\u00e1fico ?<\/span><\/li>\n<li><span style=\"color: #ffffff;\">Visor geogr\u00e1fico en el portal INFONAVIT<\/span><\/li>\n<li><span style=\"color: #ffffff;\">Conociendo mi cuenta INFONAVIT<\/span><\/li>\n<li><span style=\"color: #ffffff;\">Integraci\u00f3n del Expediente INFONAVIT<\/span><\/li>\n<li><span style=\"color: #ffffff;\">Formato de la lista requisitos para el expediente<\/span><\/li>\n<li><span style=\"color: #ffffff;\">Solicitud cr\u00e9dito INFONAVIT<\/span><\/li>\n<li><span style=\"color: #ffffff;\">Avalu\u00f3<\/span><\/li>\n<li><span style=\"color: #ffffff;\">Servicio de Confirmaci\u00f3n de tramites desde el portal empresarial<\/span><\/li>\n<li><span style=\"color: #ffffff;\">TALLER SABER MAS -CONSTANCIA CREDITO-FORMATOSIC<\/span><\/li>\n<li><span style=\"color: #ffffff;\">Notario y tramites<\/span><\/li>\n<li><span style=\"color: #ffffff;\">Seguimiento INFONAVIT credito<\/span><\/li>\n<li><span style=\"color: #ffffff;\">Entrega vivienda<\/span><\/li>\n<li><span style=\"color: #ffffff;\">Estado cuenta INFONAVIT<\/span><\/li>\n<li><span style=\"color: #ffffff;\">Sistema redes promotor venta<\/span><\/li>\n<\/ul>\n<p><span style=\"color: #ffffff;\">\u00a0<\/span><\/p>\n<h1><span style=\"font-size: x-large;\"><strong><span style=\"color: #ffffff; font-family: Alef;\">2.ABC FOVISSSTE<\/span><\/strong><\/span><\/h1>\n<p><span style=\"color: #ffffff;\">\u00a0<\/span><\/p>\n<p><span style=\"color: #ffffff;\">Existen diferentes tipos cr\u00e9ditos que otorga FOVISSSTE y es importante que los asesores inmobiliarios los conozcan, nuestro curso esta enfocado a que conozcan y aprendan todo lo relacionado con el cr\u00e9dito FOVISSSTE.<\/span><\/p>\n<p><span style=\"color: #ffffff;\">\u00a0<\/span><\/p>\n<p><span style=\"font-size: large;\"><strong><span style=\"color: #ffffff;\">CONTENIDO TEM\u00c1TICO<\/span><\/strong><\/span><\/p>\n<p><span style=\"color: #ffffff;\">\u00a0<\/span><\/p>\n<ul>\n<li><span style=\"color: #ffffff;\">Introducci\u00f3n FOVISSSTE<\/span><\/li>\n<li><span style=\"color: #ffffff;\">Condiciones y requisitos del cr\u00e9dito.<\/span><\/li>\n<li><span style=\"color: #ffffff;\">Tabla de ponderaci\u00f3n<\/span><\/li>\n<li><span style=\"color: #ffffff;\">Plazos de amortizaci\u00f3n<\/span><\/li>\n<li><span style=\"color: #ffffff;\">Tasas de inter\u00e9s<\/span><\/li>\n<li><span style=\"color: #ffffff;\">Simuladores FOVISSSTE<\/span><\/li>\n<li><span style=\"color: #ffffff;\">Integraci\u00f3n expediente<\/span><\/li>\n<li><span style=\"color: #ffffff;\">Montos de cr\u00e9dito por esquema<\/span><\/li>\n<li><span style=\"color: #ffffff;\">Productos de cr\u00e9dito FOVISSSTE (TRADICIONAL, CONYUGAL E INDIVIDUAL FOVISSSTE-INFONAVIT, TU CASA TE ESPERA, FOVISSSTE PARA TODOS, PENSIONADOS, CONSTRUYES)<\/span><\/li>\n<li><span style=\"color: #ffffff;\">Seguro de calidad y de vivienda<\/span><\/li>\n<li><span style=\"color: #ffffff;\">Ecotecnolog\u00edas<\/span><\/li>\n<li><span style=\"color: #ffffff;\">Habitabilidad-dictamen t\u00e9cnico \u00fanico<\/span><\/li>\n<li><span style=\"color: #ffffff;\">Seguros \u2013 pr\u00f3rrogas<\/span><\/li>\n<\/ul>\n<p>&nbsp;<\/p>\n<p>&nbsp;<\/p>\n<p>&nbsp;<\/p>\n<h4><span style=\"color: #ffffff;\"><strong>Si deseas\u00a0certificarte como asesor inmobiliario avalada por SEP-CONOCER EC0110.01 \u00abAsesor\u00eda en comercializaci\u00f3n de bienes inmuebles\u00bb, te ofrecemos un descuento en la certificaci\u00f3n con validez OFICIAL y NACIONAL.<\/strong><\/span><\/h4>\n<p>&nbsp;<\/p>\n<p><span style=\"color: #ffffff;\">\u00a0<\/span><\/p>\n<p><span style=\"color: #ffffff;\"><\/span><\/p>\n<p>&nbsp;<\/p>\n<p>[\/et_pb_text][et_pb_button button_url=\u00bb@ET-DC@eyJkeW5hbWljIjp0cnVlLCJjb250ZW50IjoicG9zdF9saW5rX3VybF9wYWdlIiwic2V0dGluZ3MiOnsicG9zdF9pZCI6IjMwNiJ9fQ==@\u00bb url_new_window=\u00bbon\u00bb button_text=\u00bbCertificaci\u00f3n OFICIAL Asesor Inmobiliario\u00bb _builder_version=\u00bb4.6.3&#8243; _dynamic_attributes=\u00bbbutton_url\u00bb _module_preset=\u00bbdefault\u00bb custom_button=\u00bbon\u00bb button_text_color=\u00bb#0c71c3&#8243; button_bg_color=\u00bb#ffffff\u00bb hover_enabled=\u00bb0&#8243; box_shadow_style=\u00bbpreset1&#8243; sticky_enabled=\u00bb0&#8243;][\/et_pb_button][\/et_pb_column][et_pb_column type=\u00bb1_2&#8243; _builder_version=\u00bb4.6.3&#8243; _module_preset=\u00bbdefault\u00bb][et_pb_video _builder_version=\u00bb4.6.3&#8243; _module_preset=\u00bbdefault\u00bb][\/et_pb_video][et_pb_image src=\u00bbhttps:\/\/cemce.com.mx\/wp-content\/uploads\/2022\/04\/asesor-inmo-3.png\u00bb title_text=\u00bbasesor inmo 3&#8243; _builder_version=\u00bb4.6.3&#8243; _module_preset=\u00bbdefault\u00bb][\/et_pb_image][et_pb_video _builder_version=\u00bb4.6.3&#8243; _module_preset=\u00bbdefault\u00bb][\/et_pb_video][et_pb_video _builder_version=\u00bb4.6.3&#8243; _module_preset=\u00bbdefault\u00bb][\/et_pb_video][\/et_pb_column][\/et_pb_row][\/et_pb_section]<\/p>\n","protected":false},"excerpt":{"rendered":"<p>&nbsp; &nbsp; ABC INFONAVIT\u00a0 + ABC FOVISSSTE\u00a0 &nbsp;CURSOS INMOBILIARIOS\u00a0 \u00a0\u00a0 ABC INFONAVIT\u00a0 \u00a0+ ABC\u00a0FOVISSSTE \u00a0 APRENDE Y ACTUAL\u00cdZATE CON TODO LO RELATIVO A LA GESTI\u00d3N DE CR\u00c9DITOS HIPOTECARIOS INFONAVIT Y FOVISSSTE. &nbsp; Nuestro sistema de capacitaci\u00f3n v\u00eda Plataforma E-learning, te permite aprender a tu ritmo y sin presi\u00f3n de horarios. Incluye manuales.\u00a0 Tendr\u00e1s acceso a [&hellip;]<\/p>\n","protected":false},"author":1,"featured_media":0,"parent":0,"menu_order":0,"comment_status":"closed","ping_status":"closed","template":"page-template-blank.php","meta":{"_et_pb_use_builder":"on","_et_pb_old_content":"","_et_gb_content_width":"","footnotes":""},"class_list":["post-414","page","type-page","status-publish","hentry"],"_links":{"self":[{"href":"https:\/\/cemce.com.mx\/index.php\/wp-json\/wp\/v2\/pages\/414","targetHints":{"allow":["GET"]}}],"collection":[{"href":"https:\/\/cemce.com.mx\/index.php\/wp-json\/wp\/v2\/pages"}],"about":[{"href":"https:\/\/cemce.com.mx\/index.php\/wp-json\/wp\/v2\/types\/page"}],"author":[{"embeddable":true,"href":"https:\/\/cemce.com.mx\/index.php\/wp-json\/wp\/v2\/users\/1"}],"replies":[{"embeddable":true,"href":"https:\/\/cemce.com.mx\/index.php\/wp-json\/wp\/v2\/comments?post=414"}],"version-history":[{"count":8,"href":"https:\/\/cemce.com.mx\/index.php\/wp-json\/wp\/v2\/pages\/414\/revisions"}],"predecessor-version":[{"id":424,"href":"https:\/\/cemce.com.mx\/index.php\/wp-json\/wp\/v2\/pages\/414\/revisions\/424"}],"wp:attachment":[{"href":"https:\/\/cemce.com.mx\/index.php\/wp-json\/wp\/v2\/media?parent=414"}],"curies":[{"name":"wp","href":"https:\/\/api.w.org\/{rel}","templated":true}]}}