{"id":306,"date":"2022-04-10T21:36:45","date_gmt":"2022-04-10T21:36:45","guid":{"rendered":"https:\/\/cemce.com.mx\/?page_id=306"},"modified":"2023-03-20T17:10:59","modified_gmt":"2023-03-20T17:10:59","slug":"ec0110-02-asesoria-inmobiliaria-en-comercializacion","status":"publish","type":"page","link":"https:\/\/cemce.com.mx\/index.php\/ec0110-02-asesoria-inmobiliaria-en-comercializacion\/","title":{"rendered":"EC0110.02 Asesor\u00eda Inmobiliaria en Comercializaci\u00f3n"},"content":{"rendered":"<p>[et_pb_section fb_built=\u00bb1&#8243; _builder_version=\u00bb4.6.3&#8243; _module_preset=\u00bbdefault\u00bb background_image=\u00bbhttps:\/\/cemce.com.mx\/wp-content\/uploads\/2022\/04\/BANNER-EC0110.png\u00bb][et_pb_row _builder_version=\u00bb4.6.3&#8243; _module_preset=\u00bbdefault\u00bb][et_pb_column type=\u00bb4_4&#8243; _builder_version=\u00bb4.6.3&#8243; _module_preset=\u00bbdefault\u00bb][et_pb_text _builder_version=\u00bb4.6.3&#8243; _module_preset=\u00bbdefault\u00bb text_text_color=\u00bb#ffffff\u00bb background_color=\u00bb#ffffff\u00bb animation_style=\u00bbflip\u00bb text_text_shadow_style=\u00bbpreset4&#8243; text_text_shadow_color=\u00bbrgba(0,0,0,0)\u00bb border_color_all=\u00bb#000000&#8243; box_shadow_style=\u00bbpreset6&#8243;]<\/p>\n<h1 style=\"text-align: center;\">EC0110.02 Asesor\u00eda en comercializaci\u00f3n de bienes inmuebles<\/h1>\n<p>[\/et_pb_text][\/et_pb_column][\/et_pb_row][et_pb_row column_structure=\u00bb1_2,1_2&#8243; _builder_version=\u00bb4.6.3&#8243; _module_preset=\u00bbdefault\u00bb][et_pb_column type=\u00bb1_2&#8243; _builder_version=\u00bb4.6.3&#8243; _module_preset=\u00bbdefault\u00bb][\/et_pb_column][et_pb_column type=\u00bb1_2&#8243; _builder_version=\u00bb4.6.3&#8243; _module_preset=\u00bbdefault\u00bb][\/et_pb_column][\/et_pb_row][et_pb_row column_structure=\u00bb1_2,1_2&#8243; _builder_version=\u00bb4.6.3&#8243; _module_preset=\u00bbdefault\u00bb][et_pb_column type=\u00bb1_2&#8243; _builder_version=\u00bb4.6.3&#8243; _module_preset=\u00bbdefault\u00bb][\/et_pb_column][et_pb_column type=\u00bb1_2&#8243; _builder_version=\u00bb4.6.3&#8243; _module_preset=\u00bbdefault\u00bb][\/et_pb_column][\/et_pb_row][\/et_pb_section][et_pb_section fb_built=\u00bb1&#8243; _builder_version=\u00bb4.6.3&#8243; _module_preset=\u00bbdefault\u00bb background_color=\u00bb#00457a\u00bb][et_pb_row _builder_version=\u00bb4.6.3&#8243; _module_preset=\u00bbdefault\u00bb][et_pb_column type=\u00bb4_4&#8243; _builder_version=\u00bb4.6.3&#8243; _module_preset=\u00bbdefault\u00bb][et_pb_text _builder_version=\u00bb4.6.3&#8243; _module_preset=\u00bbdefault\u00bb text_text_color=\u00bb#ffffff\u00bb custom_padding=\u00bb||3px|||\u00bb]<\/p>\n<p>EST\u00c1NDAR DE COMPETENCIA<\/p>\n<p>[\/et_pb_text][\/et_pb_column][\/et_pb_row][\/et_pb_section][et_pb_section fb_built=\u00bb1&#8243; _builder_version=\u00bb4.6.3&#8243; _module_preset=\u00bbdefault\u00bb background_color=\u00bb#00457a\u00bb min_height=\u00bb1464px\u00bb custom_margin=\u00bb-77px|||||\u00bb custom_padding=\u00bb54px|||||\u00bb][et_pb_row column_structure=\u00bb1_2,1_2&#8243; _builder_version=\u00bb4.6.3&#8243; _module_preset=\u00bbdefault\u00bb][et_pb_column type=\u00bb1_2&#8243; _builder_version=\u00bb4.6.3&#8243; _module_preset=\u00bbdefault\u00bb][et_pb_text _builder_version=\u00bb4.6.3&#8243; _module_preset=\u00bbdefault\u00bb inline_fonts=\u00bbArimo\u00bb]<\/p>\n<h1><span style=\"color: #ffffff;\"><strong>EC0110.02 Asesor\u00eda en comercializaci\u00f3n de bienes inmuebles<\/strong><\/span><\/h1>\n<p><span style=\"color: #ffffff;\">\u00a0<\/span><\/p>\n<h4><strong><span style=\"color: #ffffff;\">CONVI\u00c9RTETE EN UN ASESOR INMOBILIARIO CERTIFICADO ANTE SEP-CONOCER<\/span><\/strong><\/h4>\n<p><span style=\"color: #ffffff;\"><strong><\/strong><\/span><\/p>\n<p><em><span style=\"color: #ffffff;\">Dist\u00ednguete y certif\u00edcate como un asesor inmobiliario reconocido ante SEP-CONOCER<\/span><\/em><\/p>\n<p style=\"text-align: justify;\"><span style=\"color: #ffffff;\">\u00a0<\/span><\/p>\n<p style=\"text-align: justify;\"><span style=\"color: #ffffff;\">Aprender\u00e1s todo lo que un asesor inmobiliario debe conocer o bien si ya tienes experiencia CERTIF\u00cdCATE.<\/span><\/p>\n<p style=\"text-align: justify;\">\u00a0<span style=\"color: #ffffff; font-size: 14px;\">Nuestro curso te dar\u00e1 las bases para que inicies tu negocio inmobiliario de manera DIGITAL.<\/span><\/p>\n<p style=\"text-align: justify;\"><span style=\"color: #ffffff;\">\u00a0<\/span><\/p>\n<p style=\"text-align: justify;\"><span style=\"color: #ffffff;\">Tienes experiencia en el mundo inmobiliario y te gustar\u00eda tener un certificado ante SEP-CONOCER, esta certificaci\u00f3n es para ti.<\/span><\/p>\n<p><span style=\"color: #ffffff;\">\u00a0<\/span><\/p>\n<p><span style=\"color: #ffffff;\">El proceso es muy sencillo:<\/span><\/p>\n<p><span style=\"font-size: 14px;\">\u00a0<\/span><span style=\"font-size: 14px; color: #ffffff;\">\u00a0* Diagn\u00f3stico Online\u00a0<\/span><\/p>\n<p><span style=\"color: #ffffff;\">\u00a0<\/span><span style=\"color: #ffffff; font-size: 14px;\">* Capacitaci\u00f3n Online\u00a0<\/span><\/p>\n<p><span style=\"color: #ffffff;\">\u00a0<\/span><span style=\"color: #ffffff; font-size: 14px;\">* Evaluaci\u00f3n Online<\/span><\/p>\n<p><span style=\"color: #ffffff;\">\u00a0<\/span><span style=\"font-size: 14px;\">\u00a0<\/span><\/p>\n<p><span style=\"color: #ffffff;\"><strong>\u00a0\u00bfQu\u00e9 beneficios obtienes certific\u00e1ndote con nosotros?<\/strong><\/span><\/p>\n<p style=\"text-align: justify;\">\u00a0<span style=\"color: #ffffff;\">\u2013 Aprende a tu ritmo y sin presi\u00f3n de horarios, nuestra plataforma e-learning <a href=\"http:\/\/www.aulacemce.com.mx\" style=\"color: #ffffff;\">www.aulacemce.com.mx<\/a>, esta disponible para ti 24\/7.<\/span><\/p>\n<p style=\"text-align: justify;\"><span style=\"color: #ffffff;\">\u00a0<\/span><span style=\"color: #ffffff; font-size: 14px;\">\u2013 Entrega del certificado en 30 a 45 d\u00edas.<\/span><\/p>\n<p style=\"text-align: justify;\"><span style=\"color: #ffffff;\">\u00a0<\/span><span style=\"color: #ffffff; font-size: 14px;\">\u2013 Facilidades de pago.<\/span><\/p>\n<p style=\"text-align: justify;\"><strong><span style=\"color: #ffffff;\">Incluye Cursos:<\/span><\/strong><\/p>\n<p style=\"text-align: justify;\"><span style=\"color: #ffffff;\">* Sistema Digital de Ventas Inmobiliario. Aprende a realizar una campa\u00f1a en Facebook, Instagram, Mailing, Telegram, WhatsApp.<\/span><\/p>\n<p style=\"text-align: justify;\"><span style=\"color: #ffffff;\">* ABC del Infonavit. Aprende \u00a0los nuevos cambios del Infonavit y asesora a tus clientes.<\/span><\/p>\n<p>\u00a0<span style=\"font-size: 14px;\">\u00a0<\/span><\/p>\n<p><a href=\"https:\/\/wa.link\/axebu5\">\u00a0<span style=\"color: #ffffff;\">Da click y env\u00edanos un Whastsapp<\/span><\/a><\/p>\n<p style=\"text-align: justify;\">\u00a0<span style=\"font-size: 14px;\">\u00a0<strong><span style=\"color: #ffffff;\">\u00bfQU\u00c9 APRENDER\u00c1S SI TE CERTIFICAS EN EL EC0110.02?<\/span><\/strong><\/span><\/p>\n<p style=\"text-align: justify;\"><span style=\"font-size: 14px; font-family: Arimo; font-weight: normal;\"><strong><span style=\"color: #ffffff;\"><\/span><\/strong><\/span><\/p>\n<p style=\"text-align: justify;\"><span style=\"font-size: 14px; color: #ffffff; font-family: Arimo; font-weight: normal;\">&#8211; Captar bienes inmuebles para compraventa \/ renta tanto de forma tradicional y digital<\/span><\/p>\n<p style=\"text-align: justify;\"><span style=\"font-size: 14px; color: #ffffff; font-family: Arimo; font-weight: normal;\">&#8211; Vender el servicio de intermediaci\u00f3n en exclusiva<\/span><\/p>\n<p style=\"text-align: justify;\"><span style=\"color: #ffffff; font-family: Arimo; font-weight: normal;\"><span style=\"font-size: 14px;\">&#8211; Captar prospectos para compraventa \/ renta de bienes inmuebles ( tradicional y digital).<\/span><span style=\"font-size: 14px;\">\u00a0<\/span><\/span><\/p>\n<p style=\"text-align: justify;\"><span style=\"color: #ffffff; font-size: 14px; font-family: Arimo; font-weight: normal;\">&#8211; Iniciar el proceso de compraventa \/ renta de bienes inmuebles.<\/span><\/p>\n<p style=\"text-align: justify;\"><span style=\"color: #ffffff; font-family: Arimo; font-weight: normal;\">&#8211; Cr\u00e9ditos hipotecarios, FOVISSSTE E INFONAVIT con los nuevos cambios<\/span><\/p>\n<p style=\"text-align: justify;\"><span style=\"color: #ffffff; font-family: Arimo; font-weight: normal;\">&#8211; Remate judicial y bancario<\/span><\/p>\n<p style=\"text-align: justify;\"><span style=\"font-size: 14px; color: #ffffff; font-family: Arimo; font-weight: normal;\">&#8211; Derecho inmobiliario, compraventa, arrendamiento, el notario y registro p\u00fablico.<\/span><\/p>\n<p style=\"text-align: justify;\"><span style=\"font-size: 14px; color: #ffffff; font-family: Arimo; font-weight: normal;\">&#8211; Legislaci\u00f3n aplicable al sector inmobiliario (ley federal de protecci\u00f3n de datos personales, ley federal para la prevenci\u00f3n e identificaci\u00f3n de operaciones con recursos de procedencia il\u00edcita, ley nacional de extinci\u00f3n de dominio y norma oficial mexicana nom-247-se-2021).<\/span><\/p>\n<p style=\"text-align: justify;\"><span style=\"font-size: 14px; color: #ffffff; font-family: Arimo; font-weight: normal;\">&#8211; Aspectos fiscales en el sector inmobiliario<\/span><\/p>\n<p style=\"text-align: justify;\"><span style=\"color: #ffffff; font-family: Arimo; font-weight: normal;\">\u00a0&#8211;\u00a0<span style=\"font-size: 14px;\">Valuaci\u00f3n inmobiliaria<\/span><\/span><\/p>\n<p style=\"text-align: justify;\"><span style=\"color: #ffffff; font-family: Arimo; font-weight: normal;\">\u00a0&#8211;\u00a0<span style=\"font-size: 14px;\">El catastro y el uso del aval\u00fao catastral<\/span><\/span><\/p>\n<p style=\"text-align: justify;\"><span style=\"color: #ffffff; font-family: Arimo; font-weight: normal;\">\u00a0<strong><span style=\"text-decoration: underline;\">&#8211;\u00a0<span style=\"font-size: 14px;\">Sistema digital de ventas inmobiliario<\/span><\/span><\/strong><\/span><\/p>\n<p style=\"text-align: justify;\"><strong><span style=\"color: #ffffff;\">BENEFICIOS DE LA CERTIFICACI\u00d3N EC0110.02<\/span><\/strong><\/p>\n<p style=\"text-align: justify;\">\u00a0<span style=\"color: #ffffff; font-size: 14px;\">&#8211; Certificado con validez nacional avalado por la SEP-CONOCER.<\/span><\/p>\n<p style=\"text-align: justify;\"><span style=\"color: #ffffff;\">&#8211; Podr\u00e1s obtener tu Licencia Inmobiliaria<\/span><\/p>\n<p style=\"text-align: justify;\"><span style=\"color: #ffffff;\">&#8211; Desarrollar\u00e1s tu negocio inmobiliario de manera certera que te permitir\u00e1 brindar un servicio profesional a la altura de los nuevos cambios del mercado de bienes ra\u00edces.<\/span><\/p>\n<p style=\"text-align: justify;\"><span style=\"color: #ffffff;\">&#8211; Ingresar\u00e1s al REGISTRO NACIONAL DE PERSONAS CON COMPETENCIAS CERTIFICADAS (RENAP).<\/span><\/p>\n<p>&nbsp;<\/p>\n<p style=\"text-align: justify;\"><strong><span style=\"color: #ffffff;\">SI ERES UN ASESOR INMOBILIARIO SIN CERTIFICAR CONOCE LAS DESVENTAJAS DE NO CONTAR CON EL CERTIFICADO EC0110.02<\/span><\/strong><\/p>\n<p style=\"text-align: justify;\"><span style=\"color: #ffffff;\">\u00a0<\/span><span style=\"font-size: 14px; color: #ffffff;\">\u2013 NO cuentas con el respaldo de un certificado ante SEP CONOCER que te<\/span><span style=\"font-size: 14px;\"> <\/span><span style=\"font-size: 14px; color: #ffffff;\">avale como un experto en el sector inmobiliario.<\/span><\/p>\n<p style=\"text-align: justify;\"><span style=\"color: #ffffff;\">\u00a0<\/span><span style=\"color: #ffffff; font-size: 14px;\">\u2013 NO podr\u00e1s brindar confianza a tus clientes sobre tu experiencia profesional.<\/span><\/p>\n<p style=\"text-align: justify;\"><span style=\"color: #ffffff;\">\u00a0<\/span><span style=\"color: #ffffff; font-size: 14px;\">\u2013 Ser\u00e1s un asesor M\u00c1S sin tener un certificado que te distinga de tu competencia.<\/span><\/p>\n<p><span style=\"color: #ffffff;\">\u00a0<\/span><\/p>\n<p><span style=\"color: #ffffff;\"><\/span><\/p>\n<p>&nbsp;<\/p>\n<p>[\/et_pb_text][\/et_pb_column][et_pb_column type=\u00bb1_2&#8243; _builder_version=\u00bb4.6.3&#8243; _module_preset=\u00bbdefault\u00bb][et_pb_video src=\u00bbhttps:\/\/www.youtube.com\/watch?v=VUtl9uN8dwI&#038;t=3s\u00bb _builder_version=\u00bb4.6.3&#8243; _module_preset=\u00bbdefault\u00bb][\/et_pb_video][\/et_pb_column][\/et_pb_row][et_pb_row _builder_version=\u00bb4.6.3&#8243; _module_preset=\u00bbdefault\u00bb][et_pb_column type=\u00bb4_4&#8243; _builder_version=\u00bb4.6.3&#8243; _module_preset=\u00bbdefault\u00bb][et_pb_button button_url=\u00bbhttps:\/\/cemce.com.mx\/wp-content\/uploads\/2022\/11\/EC0110_02.pdf\u00bb url_new_window=\u00bbon\u00bb button_text=\u00bbDescarga la ficha del estandar\u00bb _builder_version=\u00bb4.6.3&#8243; _module_preset=\u00bbdefault\u00bb custom_button=\u00bbon\u00bb button_text_color=\u00bb#0c71c3&#8243; button_bg_color=\u00bb#ffffff\u00bb][\/et_pb_button][\/et_pb_column][\/et_pb_row][\/et_pb_section]<\/p>\n","protected":false},"excerpt":{"rendered":"<p>EC0110.02 Asesor\u00eda en comercializaci\u00f3n de bienes inmueblesEST\u00c1NDAR DE COMPETENCIAEC0110.02 Asesor\u00eda en comercializaci\u00f3n de bienes inmuebles \u00a0 CONVI\u00c9RTETE EN UN ASESOR INMOBILIARIO CERTIFICADO ANTE SEP-CONOCER Dist\u00ednguete y certif\u00edcate como un asesor inmobiliario reconocido ante SEP-CONOCER \u00a0 Aprender\u00e1s todo lo que un asesor inmobiliario debe conocer o bien si ya tienes experiencia CERTIF\u00cdCATE. \u00a0Nuestro curso te dar\u00e1 [&hellip;]<\/p>\n","protected":false},"author":1,"featured_media":0,"parent":0,"menu_order":0,"comment_status":"closed","ping_status":"closed","template":"page-template-blank.php","meta":{"_et_pb_use_builder":"on","_et_pb_old_content":"","_et_gb_content_width":"","footnotes":""},"class_list":["post-306","page","type-page","status-publish","hentry"],"_links":{"self":[{"href":"https:\/\/cemce.com.mx\/index.php\/wp-json\/wp\/v2\/pages\/306","targetHints":{"allow":["GET"]}}],"collection":[{"href":"https:\/\/cemce.com.mx\/index.php\/wp-json\/wp\/v2\/pages"}],"about":[{"href":"https:\/\/cemce.com.mx\/index.php\/wp-json\/wp\/v2\/types\/page"}],"author":[{"embeddable":true,"href":"https:\/\/cemce.com.mx\/index.php\/wp-json\/wp\/v2\/users\/1"}],"replies":[{"embeddable":true,"href":"https:\/\/cemce.com.mx\/index.php\/wp-json\/wp\/v2\/comments?post=306"}],"version-history":[{"count":12,"href":"https:\/\/cemce.com.mx\/index.php\/wp-json\/wp\/v2\/pages\/306\/revisions"}],"predecessor-version":[{"id":443,"href":"https:\/\/cemce.com.mx\/index.php\/wp-json\/wp\/v2\/pages\/306\/revisions\/443"}],"wp:attachment":[{"href":"https:\/\/cemce.com.mx\/index.php\/wp-json\/wp\/v2\/media?parent=306"}],"curies":[{"name":"wp","href":"https:\/\/api.w.org\/{rel}","templated":true}]}}