{"id":282,"date":"2022-04-09T17:14:45","date_gmt":"2022-04-09T17:14:45","guid":{"rendered":"https:\/\/cemce.com.mx\/?page_id=282"},"modified":"2024-08-06T21:17:54","modified_gmt":"2024-08-06T21:17:54","slug":"ec0903-02-promocion-especializada-para-productos-de-credito-infonavit","status":"publish","type":"page","link":"https:\/\/cemce.com.mx\/index.php\/ec0903-02-promocion-especializada-para-productos-de-credito-infonavit\/","title":{"rendered":"EC0903.02 PROMOCI\u00d3N ESPECIALIZADA PARA PRODUCTOS DE CR\u00c9DITO INFONAVIT"},"content":{"rendered":"<p>[et_pb_section fb_built=\u00bb1&#8243; _builder_version=\u00bb4.6.3&#8243; _module_preset=\u00bbdefault\u00bb background_image=\u00bbhttps:\/\/cemce.com.mx\/wp-content\/uploads\/2022\/04\/BANNER-EC0903.png\u00bb][et_pb_row _builder_version=\u00bb4.6.3&#8243; _module_preset=\u00bbdefault\u00bb][et_pb_column type=\u00bb4_4&#8243; _builder_version=\u00bb4.6.3&#8243; _module_preset=\u00bbdefault\u00bb][et_pb_text _builder_version=\u00bb4.6.3&#8243; _module_preset=\u00bbdefault\u00bb text_text_color=\u00bb#ffffff\u00bb background_color=\u00bb#ffffff\u00bb animation_style=\u00bbflip\u00bb text_text_shadow_style=\u00bbpreset4&#8243; text_text_shadow_color=\u00bbrgba(0,0,0,0)\u00bb border_color_all=\u00bb#000000&#8243; box_shadow_style=\u00bbpreset6&#8243; inline_fonts=\u00bbAbel\u00bb]<\/p>\n<p style=\"text-align: center;\"><span style=\"color: #111111; font-size: xx-large; font-family: Abel; font-weight: normal;\"><strong><\/strong><\/span><\/p>\n<p style=\"text-align: center;\"><span style=\"color: #111111; font-size: xx-large; font-family: Abel; font-weight: normal;\"><strong>EC0903.02 Promoci\u00f3n especializada para productos de cr\u00e9dito Infonavit<\/strong><\/span><\/p>\n<p style=\"text-align: center;\"><span style=\"color: #111111; font-size: xx-large; font-family: Abel; font-weight: normal;\"><strong><\/strong><\/span><\/p>\n<p style=\"text-align: center;\"><span style=\"color: #111111; font-size: xx-large; font-family: Abel; font-weight: normal;\"><strong><\/strong><\/span><\/p>\n<p>[\/et_pb_text][\/et_pb_column][\/et_pb_row][et_pb_row column_structure=\u00bb1_2,1_2&#8243; _builder_version=\u00bb4.6.3&#8243; _module_preset=\u00bbdefault\u00bb][et_pb_column type=\u00bb1_2&#8243; _builder_version=\u00bb4.6.3&#8243; _module_preset=\u00bbdefault\u00bb][\/et_pb_column][et_pb_column type=\u00bb1_2&#8243; _builder_version=\u00bb4.6.3&#8243; _module_preset=\u00bbdefault\u00bb][\/et_pb_column][\/et_pb_row][et_pb_row column_structure=\u00bb1_2,1_2&#8243; _builder_version=\u00bb4.6.3&#8243; _module_preset=\u00bbdefault\u00bb][et_pb_column type=\u00bb1_2&#8243; _builder_version=\u00bb4.6.3&#8243; _module_preset=\u00bbdefault\u00bb][\/et_pb_column][et_pb_column type=\u00bb1_2&#8243; _builder_version=\u00bb4.6.3&#8243; _module_preset=\u00bbdefault\u00bb][\/et_pb_column][\/et_pb_row][\/et_pb_section][et_pb_section fb_built=\u00bb1&#8243; _builder_version=\u00bb4.6.3&#8243; _module_preset=\u00bbdefault\u00bb background_color=\u00bb#00457a\u00bb][et_pb_row _builder_version=\u00bb4.6.3&#8243; _module_preset=\u00bbdefault\u00bb][et_pb_column type=\u00bb4_4&#8243; _builder_version=\u00bb4.6.3&#8243; _module_preset=\u00bbdefault\u00bb][et_pb_text _builder_version=\u00bb4.6.3&#8243; _module_preset=\u00bbdefault\u00bb text_text_color=\u00bb#ffffff\u00bb custom_padding=\u00bb||3px|||\u00bb]<\/p>\n<p>EST\u00c1NDAR DE COMPETENCIA<\/p>\n<p>[\/et_pb_text][\/et_pb_column][\/et_pb_row][\/et_pb_section][et_pb_section fb_built=\u00bb1&#8243; _builder_version=\u00bb4.6.3&#8243; _module_preset=\u00bbdefault\u00bb background_color=\u00bb#00457a\u00bb min_height=\u00bb1464px\u00bb custom_margin=\u00bb-77px|||||\u00bb custom_padding=\u00bb54px|||||\u00bb][et_pb_row column_structure=\u00bb1_2,1_2&#8243; _builder_version=\u00bb4.6.3&#8243; _module_preset=\u00bbdefault\u00bb][et_pb_column type=\u00bb1_2&#8243; _builder_version=\u00bb4.6.3&#8243; _module_preset=\u00bbdefault\u00bb][et_pb_text _builder_version=\u00bb4.6.3&#8243; _module_preset=\u00bbdefault\u00bb inline_fonts=\u00bbArimo\u00bb]<\/p>\n<h2><strong><span style=\"color: #ffffff;\">EC0903.02 Promoci\u00f3n especializada para productos de cr\u00e9dito Infonavit<\/span><\/strong><\/h2>\n<p>&nbsp;<\/p>\n<p style=\"text-align: justify;\"><span style=\"color: #ffffff;\">Certifica tus conocimientos, habilidades y experiencia. Con este curso estar\u00e1s preparado para obtener un certificado como \u201cPromotor especializado para productos de cr\u00e9dito Infonavit\u201d, avalado por la SEP y el CONOCER, con validez oficial en todo el territorio nacional<\/span>.<\/p>\n<p style=\"text-align: justify;\">\n<p style=\"text-align: justify;\"><span style=\"color: #ffffff;\">Con este certificado podr\u00e1s avalar tu experiencia como consultor personalizado de \u00a0productos de cr\u00e9dito para los derechohabientes del Instituto del Fondo Nacional de Vivienda para los Trabajadores, (INFONAVIT).<\/span><\/p>\n<p style=\"text-align: justify;\"><span style=\"color: #ffffff;\">\u00a0<\/span><\/p>\n<p style=\"text-align: justify;\"><span style=\"color: #ffffff;\">Con este curso aprender\u00e1s los puntos clave para brindar un servicio profesional \u00a0de asesor\u00eda en materia de productos de cr\u00e9dito Infonavit, realizando funciones como: Orientar sobre las opciones de cr\u00e9dito, Formalizar la obtenci\u00f3n del cr\u00e9dito y Acompa\u00f1ar al usuario en la entrega de la vivienda.<\/span><\/p>\n<p>&nbsp;<\/p>\n<p style=\"text-align: justify;\"><span style=\"color: #ffffff;\">Deseas aprender sobre como convertirte en un consultor de productos de cr\u00e9dito Infonavit o bien tienes experiencia en el rubro y te gustar\u00eda tener un certificado ante SEP-CONOCER, esta certificaci\u00f3n es para ti.<\/span><\/p>\n<p style=\"text-align: justify;\"><span style=\"color: #ffffff;\">\u00a0<\/span><\/p>\n<p style=\"text-align: justify;\"><span style=\"color: #ffffff;\">El proceso es muy sencillo:<\/span><\/p>\n<p style=\"text-align: justify;\"><span style=\"color: #ffffff;\">\u00a0<\/span><\/p>\n<p style=\"text-align: justify;\"><span style=\"color: #ffffff;\">\u00a0* Diagn\u00f3stico Online\u00a0<\/span><\/p>\n<p style=\"text-align: justify;\"><span style=\"color: #ffffff;\">\u00a0<\/span><span style=\"color: #ffffff;\">* Capacitaci\u00f3n\u00a0 Online\u00a0<\/span><\/p>\n<p style=\"text-align: justify;\"><span style=\"color: #ffffff;\">\u00a0<\/span><span style=\"color: #ffffff;\">* Evaluaci\u00f3n Online<\/span><\/p>\n<p>&nbsp;<\/p>\n<h1>\u00a0<span style=\"color: #ffffff; font-size: medium;\"><strong>\u00bfQu\u00e9 beneficios obtienes certific\u00e1ndote con nosotros?<\/strong><\/span><\/h1>\n<p>&nbsp;<\/p>\n<p>\u00a0<span style=\"color: #ffffff;\">\u2013 Aprende a tu ritmo y sin presi\u00f3n de horarios, nuestra plataforma e-learning www.aulacemce.com.mx, esta disponible para ti 24\/7.<\/span><\/p>\n<p><span style=\"color: #ffffff;\">\u00a0<\/span><span style=\"color: #ffffff; font-size: 14px;\">\u2013 Entrega del certificado en 45 a 60 d\u00edas h\u00e1biles.<\/span><\/p>\n<p><span style=\"color: #ffffff;\">\u00a0<\/span><span style=\"color: #ffffff; font-size: 14px;\">\u2013 Facilidades de pago.<\/span><\/p>\n<p>&nbsp;<\/p>\n<p><strong><span style=\"color: #ffffff;\">Incluye Cursos:<\/span><\/strong><\/p>\n<p style=\"text-align: justify;\"><span style=\"color: #ffffff;\">&#8211; Sistema Digital de Ventas Inmobiliario. Aprende a realizar una campa\u00f1a en Facebook, Instagram, Mailing, Telegram, WhatsApp.<\/span><\/p>\n<p><span style=\"color: #ffffff;\">&#8211; Derecho inmobiliario<\/span><\/p>\n<p><span style=\"color: #ffffff;\">&#8211; Legislaci\u00f3n aplicable al sector inmobiliario<\/span><\/p>\n<p><span style=\"color: #ffffff;\">&#8211; Aspectos fiscales en el sector inmobiliario<\/span><\/p>\n<p>&nbsp;<\/p>\n<p><span style=\"color: #ffffff;\"><a href=\"https:\/\/wa.link\/hfi4ek%20\" style=\"color: #ffffff;\"><span style=\"text-decoration: underline;\">Da click y env\u00edanos un Whastsapp<\/span><\/a><\/span><\/p>\n<p>&nbsp;<\/p>\n<p><strong><span style=\"color: #ffffff;\">\u00bfQU\u00c9 APRENDER\u00c1S SI TE CERTIFICAS EN EL EC0903.02?<\/span><\/strong><\/p>\n<p>\u00a0<span style=\"font-size: 14px;\"><strong><span style=\"color: #ffffff;\">\u00a0<\/span><\/strong><\/span><\/p>\n<p><span style=\"font-family: Arimo;\"><strong><span style=\"text-decoration: underline; color: #ffffff;\">ORIENTAR LAS OPCIONES DE CR\u00c9DITO<\/span><\/strong><\/span><\/p>\n<p><span style=\"color: #ffffff; font-family: Arimo;\">Generalidades del Infonavit<\/span><\/p>\n<p><span style=\"color: #ffffff; font-family: Arimo;\">Beneficios Infonavit<\/span><\/p>\n<p><span style=\"color: #ffffff; font-family: Arimo;\">Saldo de subcuenta<\/span><\/p>\n<p><span style=\"color: #ffffff; font-family: Arimo;\">Unidad de medida y actualizaci\u00f3n (UMA)<\/span><\/p>\n<p><span style=\"color: #ffffff; font-family: Arimo;\">Puntos Infonavit. Nuevo modelo de originaci\u00f3n Infonavit t 1000<\/span><\/p>\n<p><span style=\"color: #ffffff; font-family: Arimo;\">Pago mensual<\/span><\/p>\n<p><span style=\"color: #ffffff; font-family: Arimo;\">Mi cuenta Infonavit<\/span><\/p>\n<p><span style=\"color: #ffffff; font-family: Arimo;\">Nuevo esquema de cr\u00e9dito en pesos<\/span><\/p>\n<p><span style=\"color: #ffffff; font-family: Arimo;\">Nuevas condiciones Infonavit tradicional y total<\/span><\/p>\n<p><span style=\"color: #ffffff; font-family: Arimo;\">L\u00edneas de cr\u00e9dito<\/span><\/p>\n<p><span style=\"color: #ffffff; font-family: Arimo;\">Cobranza social y seguros<\/span><\/p>\n<p><span style=\"font-family: Arimo;\">\u00a0<\/span><\/p>\n<p><span style=\"color: #ffffff; font-family: Arimo;\"><strong>\u00a0<span style=\"text-decoration: underline;\">FORMALIZAR LA OBTENCI\u00d3N DE CR\u00c9DITO<\/span><\/strong><\/span><\/p>\n<p><span style=\"color: #ffffff; font-family: Arimo;\">El perfilamiento<\/span><\/p>\n<p><span style=\"color: #ffffff; font-family: Arimo;\">Integraci\u00f3n del expediente<\/span><\/p>\n<p><span style=\"color: #ffffff; font-family: Arimo;\">Solicitud de cr\u00e9dito<\/span><\/p>\n<p><span style=\"color: #ffffff; font-family: Arimo;\">Aval\u00fao<\/span><\/p>\n<p><span style=\"color: #ffffff; font-family: Arimo;\">Taller saber m\u00e1s para decidir mejor<\/span><\/p>\n<p><span style=\"color: #ffffff; font-family: Arimo;\">Formato sic<\/span><\/p>\n<p><span style=\"color: #ffffff; font-family: Arimo;\">Documentos y contratos complementarios<\/span><\/p>\n<p><span style=\"color: #ffffff; font-family: Arimo;\">Proceso de inscripci\u00f3n del cr\u00e9dito<\/span><\/p>\n<p><span style=\"color: #ffffff; font-family: Arimo;\">Titulaci\u00f3n<\/span><\/p>\n<p><span style=\"font-family: Arimo;\">\u00a0<\/span><\/p>\n<p><span style=\"text-decoration: underline; font-family: Arimo;\"><strong><span style=\"color: #ffffff; text-decoration: underline;\">ACOMPA\u00d1AR AL USUARIO A LA ENTREGA DE VIVIENDA<\/span><\/strong><\/span><\/p>\n<p><span style=\"color: #ffffff; font-family: Arimo;\">Entrega de la vivienda<\/span><\/p>\n<p><span style=\"color: #ffffff; font-family: Arimo;\">Seguimiento del cr\u00e9dito<\/span><\/p>\n<p><span style=\"color: #ffffff; font-family: Arimo;\">Ecotecnolog\u00edas<\/span><\/p>\n<p><span style=\"color: #ffffff;\">\u00a0<\/span><\/p>\n<p><span style=\"color: #ffffff; font-family: Arimo; font-weight: normal;\"><strong>BENEFICIOS DE LA CERTIFICACI\u00d3N EC0903.02<\/strong><\/span><\/p>\n<p>&nbsp;<\/p>\n<p style=\"text-align: justify;\"><span style=\"color: #ffffff;\">&#8211; Certificado con validez nacional avalado por la SEP-CONOCER.<\/span><\/p>\n<p style=\"text-align: justify;\"><span style=\"color: #ffffff;\">&#8211; Podr\u00e1s registrarte en el Sistema de Redes Infonavit como promotor de venta<\/span><\/p>\n<p style=\"text-align: justify;\"><span style=\"color: #ffffff;\">&#8211; Podr\u00e1s brindar una asesor\u00eda integral a tus clientes de todo lo que implica contratar un cr\u00e9dito Infonavit.<\/span><\/p>\n<p style=\"text-align: justify;\"><span style=\"color: #ffffff;\">&#8211; Ingresar\u00e1s al REGISTRO NACIONAL DE PERSONAS CON COMPETENCIAS CERTIFICADAS (RENAP).<\/span><\/p>\n<p style=\"text-align: justify;\">\n<p style=\"text-align: justify;\"><span style=\"color: #ffffff;\"><strong>DESVENTAJAS DE NO CONTAR CON EL CERTIFICADO EC0903.01<\/strong><\/span><\/p>\n<p style=\"text-align: justify;\">\n<p style=\"text-align: justify;\"><span style=\"color: #ffffff;\">\u2013 NO cuentas con el respaldo de un certificado ante SEP CONOCER que te avale como un experto en producto de Cr\u00e9dito Infonavit.<\/span><\/p>\n<p style=\"text-align: justify;\"><span style=\"font-size: 14px; color: #ffffff;\">\u2013 NO podr\u00e1s registrarte al SISTEMA DE REDES INFONAVIT por lo que no ingresar expedientes de cr\u00e9dito a nombre de tus clientes.<\/span><\/p>\n<p>&nbsp;<\/p>\n<p><span style=\"text-decoration: underline;\"><span style=\"color: #ffffff; text-decoration: underline;\"><\/span><\/span><\/p>\n<p>&nbsp;<\/p>\n<p>[\/et_pb_text][\/et_pb_column][et_pb_column type=\u00bb1_2&#8243; _builder_version=\u00bb4.6.3&#8243; _module_preset=\u00bbdefault\u00bb][et_pb_video src=\u00bbhttps:\/\/www.youtube.com\/watch?v=-HwBho9ya_k&#038;t=1s\u00bb _builder_version=\u00bb4.6.3&#8243; _module_preset=\u00bbdefault\u00bb][\/et_pb_video][\/et_pb_column][\/et_pb_row][et_pb_row _builder_version=\u00bb4.6.3&#8243; _module_preset=\u00bbdefault\u00bb][et_pb_column type=\u00bb4_4&#8243; _builder_version=\u00bb4.6.3&#8243; _module_preset=\u00bbdefault\u00bb][et_pb_button button_url=\u00bbhttps:\/\/cemce.com.mx\/wp-content\/uploads\/2022\/04\/EC0903.01.pdf\u00bb url_new_window=\u00bbon\u00bb button_text=\u00bbDescarga la ficha del estandar\u00bb _builder_version=\u00bb4.6.3&#8243; _module_preset=\u00bbdefault\u00bb custom_button=\u00bbon\u00bb button_text_color=\u00bb#0c71c3&#8243; button_bg_color=\u00bb#ffffff\u00bb][\/et_pb_button][\/et_pb_column][\/et_pb_row][\/et_pb_section]<\/p>\n","protected":false},"excerpt":{"rendered":"<p>EC0903.02 Promoci\u00f3n especializada para productos de cr\u00e9dito Infonavit EST\u00c1NDAR DE COMPETENCIAEC0903.02 Promoci\u00f3n especializada para productos de cr\u00e9dito Infonavit &nbsp; Certifica tus conocimientos, habilidades y experiencia. Con este curso estar\u00e1s preparado para obtener un certificado como \u201cPromotor especializado para productos de cr\u00e9dito Infonavit\u201d, avalado por la SEP y el CONOCER, con validez oficial en todo el [&hellip;]<\/p>\n","protected":false},"author":1,"featured_media":0,"parent":0,"menu_order":0,"comment_status":"closed","ping_status":"closed","template":"page-template-blank.php","meta":{"_et_pb_use_builder":"on","_et_pb_old_content":"","_et_gb_content_width":"","footnotes":""},"class_list":["post-282","page","type-page","status-publish","hentry"],"_links":{"self":[{"href":"https:\/\/cemce.com.mx\/index.php\/wp-json\/wp\/v2\/pages\/282","targetHints":{"allow":["GET"]}}],"collection":[{"href":"https:\/\/cemce.com.mx\/index.php\/wp-json\/wp\/v2\/pages"}],"about":[{"href":"https:\/\/cemce.com.mx\/index.php\/wp-json\/wp\/v2\/types\/page"}],"author":[{"embeddable":true,"href":"https:\/\/cemce.com.mx\/index.php\/wp-json\/wp\/v2\/users\/1"}],"replies":[{"embeddable":true,"href":"https:\/\/cemce.com.mx\/index.php\/wp-json\/wp\/v2\/comments?post=282"}],"version-history":[{"count":22,"href":"https:\/\/cemce.com.mx\/index.php\/wp-json\/wp\/v2\/pages\/282\/revisions"}],"predecessor-version":[{"id":470,"href":"https:\/\/cemce.com.mx\/index.php\/wp-json\/wp\/v2\/pages\/282\/revisions\/470"}],"wp:attachment":[{"href":"https:\/\/cemce.com.mx\/index.php\/wp-json\/wp\/v2\/media?parent=282"}],"curies":[{"name":"wp","href":"https:\/\/api.w.org\/{rel}","templated":true}]}}